{"id":12,"date":"2017-08-23T07:54:45","date_gmt":"2017-08-23T07:54:45","guid":{"rendered":"http:\/\/peachysalmon.com\/?page_id=12"},"modified":"2018-05-17T17:32:37","modified_gmt":"2018-05-17T15:32:37","slug":"die-kanzlei","status":"publish","type":"page","link":"https:\/\/gies-rechtsanwaelte.de\/startseite\/die-kanzlei\/","title":{"rendered":"Die Kanzlei"},"content":{"rendered":"[vc_row type=&#8220;in_container&#8220; full_screen_row_position=&#8220;middle&#8220; scene_position=&#8220;center&#8220; text_color=&#8220;dark&#8220; text_align=&#8220;left&#8220; overlay_strength=&#8220;0.3&#8243; shape_divider_position=&#8220;bottom&#8220;][vc_column column_padding=&#8220;no-extra-padding&#8220; column_padding_position=&#8220;all&#8220; background_color_opacity=&#8220;1&#8243; background_hover_color_opacity=&#8220;1&#8243; column_shadow=&#8220;none&#8220; column_border_radius=&#8220;none&#8220; width=&#8220;1\/1&#8243; tablet_text_alignment=&#8220;default&#8220; phone_text_alignment=&#8220;default&#8220; column_border_width=&#8220;none&#8220; column_border_style=&#8220;solid&#8220;]<style type=\"text\/css\">#nectar-slider-instance-1, #nectar-slider-instance-1 .swiper-container { min-height: 300px; } #nectar-slider-instance-1, #nectar-slider-instance-1 .swiper-container { height: calc( 400 * 100vw \/ 1600 ); } <\/style><div  data-transition=\"slide\" data-overall_style=\"classic\" data-flexible-height=\"true\" data-animate-in-effect=\"zoom-out\" data-fullscreen=\"false\" data-button-sizing=\"regular\" data-button-styling=\"btn_with_count\" data-autorotate=\"\" data-parallax=\"false\" data-parallax-disable-mobile=\"\" data-caption-trans=\"fade_in_from_bottom\" data-parallax-style=\"bg_only\" data-bg-animation=\"none\" data-full-width=\"true\" class=\"nectar-slider-wrap \" id=\"nectar-slider-instance-1\"><div class=\"swiper-container\"  data-tho=\"auto\" data-tco=\"auto\" data-pho=\"auto\" data-pco=\"auto\" data-loop=\"false\" data-height=\"400\" data-min-height=\"300\" data-arrows=\"false\" data-bullets=\"false\" data-bullet_style=\"see_through\" data-bullet_position=\"bottom\" data-desktop-swipe=\"false\" data-settings=\"\"> <div class=\"swiper-wrapper\"><div class=\"swiper-slide\" data-desktop-content-width=\"\" data-tablet-content-width=\"\" data-bg-alignment=\"center\" data-color-scheme=\"light\" data-x-pos=\"left\" data-y-pos=\"middle\" ><div class=\"slide-bg-wrap\"><div class=\"image-bg\" style=\"background-image: url(https:\/\/gies-rechtsanwaelte.de\/wp-content\/uploads\/2017\/08\/Frankfurt_skyline_2.jpg);\"> &nbsp; <\/div><\/div><div class=\"video-texture \"> <span class=\"ie-fix\"><\/span> <\/div><\/div> <!--\/swiper-slide--><\/div><div class=\"nectar-slider-loading \"> <span class=\"loading-icon none\">   <\/span> <\/div> <\/div> \n\t\t\t\t\t\n\t\t\t\t\t<\/div>[\/vc_column][\/vc_row][vc_row type=&#8220;in_container&#8220; full_screen_row_position=&#8220;middle&#8220; scene_position=&#8220;center&#8220; text_color=&#8220;dark&#8220; text_align=&#8220;left&#8220; overlay_strength=&#8220;0.3&#8243; shape_divider_position=&#8220;bottom&#8220;][vc_column column_padding=&#8220;no-extra-padding&#8220; column_padding_position=&#8220;all&#8220; background_color_opacity=&#8220;1&#8243; background_hover_color_opacity=&#8220;1&#8243; column_shadow=&#8220;none&#8220; column_border_radius=&#8220;none&#8220; width=&#8220;1\/1&#8243; tablet_text_alignment=&#8220;default&#8220; phone_text_alignment=&#8220;default&#8220; column_border_width=&#8220;none&#8220; column_border_style=&#8220;solid&#8220;][divider line_type=&#8220;No Line&#8220; custom_height=&#8220;30&#8243;][vc_column_text]\n<h3>Die Kanzlei<\/h3>\n[\/vc_column_text][\/vc_column][\/vc_row][vc_row type=&#8220;in_container&#8220; full_screen_row_position=&#8220;middle&#8220; scene_position=&#8220;center&#8220; text_color=&#8220;dark&#8220; text_align=&#8220;left&#8220; overlay_strength=&#8220;0.3&#8243; shape_divider_position=&#8220;bottom&#8220;][vc_column column_padding=&#8220;no-extra-padding&#8220; column_padding_position=&#8220;all&#8220; background_color_opacity=&#8220;1&#8243; background_hover_color_opacity=&#8220;1&#8243; column_shadow=&#8220;none&#8220; column_border_radius=&#8220;none&#8220; width=&#8220;1\/2&#8243; tablet_text_alignment=&#8220;default&#8220; phone_text_alignment=&#8220;default&#8220; column_border_width=&#8220;none&#8220; column_border_style=&#8220;solid&#8220;][vc_column_text]\n<div id=\"ContentLeft\">Die Kanzlei wurde im Jahr 1998 mit dem Ziel gegr\u00fcndet, eine pers\u00f6nliche, dem Standard von hochspezialisierten Kanzleien entsprechende Beratung und Vertretung anzubieten.<\/div>\n<p>Unsere Mandanten d\u00fcrfen von uns eine professionelle, zielorientierte und kreative Vertretung ihrer Interessen erwarten.<\/p>\n<p>Der wirtschaftliche Erfolg und die Zufriedenheit unserer Mandanten ist unser erkl\u00e4rtes Ziel. Dabei betrachten wir es auch als unsere Aufgabe, ein nach M\u00f6glichkeit f\u00fcr alle Beteiligten erfolgreiches Ergebnis zu erarbeiten.[\/vc_column_text][\/vc_column][vc_column column_padding=&#8220;no-extra-padding&#8220; column_padding_position=&#8220;all&#8220; background_color_opacity=&#8220;1&#8243; background_hover_color_opacity=&#8220;1&#8243; column_shadow=&#8220;none&#8220; column_border_radius=&#8220;none&#8220; width=&#8220;1\/2&#8243; tablet_text_alignment=&#8220;default&#8220; phone_text_alignment=&#8220;default&#8220; column_border_width=&#8220;none&#8220; column_border_style=&#8220;solid&#8220;][vc_column_text]Eine stets die individuellen wirtschaftlichen Zusammenh\u00e4nge ber\u00fccksichtigende Herangehensweise erm\u00f6glicht dabei die umfassende Beratung und Betreuung unserer Mandanten und die Entwicklung und Umsetzung von L\u00f6sungskonzepten.<\/p>\n<p>Unsere Erfahrung, insbesondere im Wirtschaftsrecht, erm\u00f6glicht eine punktgenaue und pragmatische Beratung unserer Mandanten ohne &#8222;juristischen Tunnelblick&#8220;.<\/p>\n<p>Zu unseren Mandanten z\u00e4hlen neben Banken insbesondere mittelst\u00e4ndische Unternehmen und auch K\u00f6rperschaften des \u00f6ffentlichen Rechts. F\u00fcr unsere Mandanten sind wir h\u00e4ufig seit vielen Jahren t\u00e4tig.<\/p>\n<h4>Thomas Gies<\/h4>\n[\/vc_column_text][\/vc_column][\/vc_row]\n","protected":false},"excerpt":{"rendered":"<p>[vc_row type=&#8220;in_container&#8220; full_screen_row_position=&#8220;middle&#8220; scene_position=&#8220;center&#8220; text_color=&#8220;dark&#8220; text_align=&#8220;left&#8220; overlay_strength=&#8220;0.3&#8243; shape_divider_position=&#8220;bottom&#8220;][vc_column column_padding=&#8220;no-extra-padding&#8220; column_padding_position=&#8220;all&#8220; background_color_opacity=&#8220;1&#8243; background_hover_color_opacity=&#8220;1&#8243; column_shadow=&#8220;none&#8220; column_border_radius=&#8220;none&#8220; width=&#8220;1\/1&#8243;&#8230;<\/p>\n","protected":false},"author":1,"featured_media":0,"parent":0,"menu_order":0,"comment_status":"closed","ping_status":"closed","template":"","meta":[],"_links":{"self":[{"href":"https:\/\/gies-rechtsanwaelte.de\/startseite\/wp-json\/wp\/v2\/pages\/12"}],"collection":[{"href":"https:\/\/gies-rechtsanwaelte.de\/startseite\/wp-json\/wp\/v2\/pages"}],"about":[{"href":"https:\/\/gies-rechtsanwaelte.de\/startseite\/wp-json\/wp\/v2\/types\/page"}],"author":[{"embeddable":true,"href":"https:\/\/gies-rechtsanwaelte.de\/startseite\/wp-json\/wp\/v2\/users\/1"}],"replies":[{"embeddable":true,"href":"https:\/\/gies-rechtsanwaelte.de\/startseite\/wp-json\/wp\/v2\/comments?post=12"}],"version-history":[{"count":3,"href":"https:\/\/gies-rechtsanwaelte.de\/startseite\/wp-json\/wp\/v2\/pages\/12\/revisions"}],"predecessor-version":[{"id":3044,"href":"https:\/\/gies-rechtsanwaelte.de\/startseite\/wp-json\/wp\/v2\/pages\/12\/revisions\/3044"}],"wp:attachment":[{"href":"https:\/\/gies-rechtsanwaelte.de\/startseite\/wp-json\/wp\/v2\/media?parent=12"}],"curies":[{"name":"wp","href":"https:\/\/api.w.org\/{rel}","templated":true}]}}