{"id":21,"date":"2017-08-23T08:05:16","date_gmt":"2017-08-23T08:05:16","guid":{"rendered":"http:\/\/peachysalmon.com\/?page_id=21"},"modified":"2019-12-03T16:38:47","modified_gmt":"2019-12-03T15:38:47","slug":"anfahrt","status":"publish","type":"page","link":"https:\/\/gies-rechtsanwaelte.de\/startseite\/anfahrt\/","title":{"rendered":"Anfahrt"},"content":{"rendered":"[vc_row type=&#8220;in_container&#8220; full_screen_row_position=&#8220;middle&#8220; scene_position=&#8220;center&#8220; text_color=&#8220;dark&#8220; text_align=&#8220;left&#8220; overlay_strength=&#8220;0.3&#8243; shape_divider_position=&#8220;bottom&#8220;][vc_column column_padding=&#8220;no-extra-padding&#8220; column_padding_position=&#8220;all&#8220; background_color_opacity=&#8220;1&#8243; background_hover_color_opacity=&#8220;1&#8243; column_shadow=&#8220;none&#8220; column_border_radius=&#8220;none&#8220; width=&#8220;1\/1&#8243; tablet_text_alignment=&#8220;default&#8220; phone_text_alignment=&#8220;default&#8220; column_border_width=&#8220;none&#8220; column_border_style=&#8220;solid&#8220;]<style type=\"text\/css\">#nectar-slider-instance-1, #nectar-slider-instance-1 .swiper-container { min-height: 300px; } #nectar-slider-instance-1, #nectar-slider-instance-1 .swiper-container { height: calc( 400 * 100vw \/ 1600 ); } <\/style><div  data-transition=\"slide\" data-overall_style=\"classic\" data-flexible-height=\"true\" data-animate-in-effect=\"zoom-out\" data-fullscreen=\"false\" data-button-sizing=\"regular\" data-button-styling=\"btn_with_count\" data-autorotate=\"\" data-parallax=\"false\" data-parallax-disable-mobile=\"\" data-caption-trans=\"fade_in_from_bottom\" data-parallax-style=\"bg_only\" data-bg-animation=\"none\" data-full-width=\"true\" class=\"nectar-slider-wrap \" id=\"nectar-slider-instance-1\"><div class=\"swiper-container\"  data-tho=\"auto\" data-tco=\"auto\" data-pho=\"auto\" data-pco=\"auto\" data-loop=\"false\" data-height=\"400\" data-min-height=\"300\" data-arrows=\"false\" data-bullets=\"false\" data-bullet_style=\"see_through\" data-bullet_position=\"bottom\" data-desktop-swipe=\"false\" data-settings=\"\"> <div class=\"swiper-wrapper\"><div class=\"swiper-slide\" data-desktop-content-width=\"\" data-tablet-content-width=\"\" data-bg-alignment=\"center\" data-color-scheme=\"light\" data-x-pos=\"left\" data-y-pos=\"middle\" ><div class=\"slide-bg-wrap\"><div class=\"image-bg\" style=\"background-image: url(https:\/\/gies-rechtsanwaelte.de\/wp-content\/uploads\/2017\/08\/Frankfurt_skyline_2.jpg);\"> &nbsp; <\/div><\/div><div class=\"video-texture \"> <span class=\"ie-fix\"><\/span> <\/div><\/div> <!--\/swiper-slide--><\/div><div class=\"nectar-slider-loading \"> <span class=\"loading-icon none\">   <\/span> <\/div> <\/div> \n\t\t\t\t\t\n\t\t\t\t\t<\/div>[divider line_type=&#8220;No Line&#8220; custom_height=&#8220;40&#8243;][vc_column_text]\n<h3>Anfahrt<\/h3>\n[\/vc_column_text][divider line_type=&#8220;No Line&#8220; custom_height=&#8220;40&#8243;][\/vc_column][\/vc_row][vc_row type=&#8220;in_container&#8220; full_screen_row_position=&#8220;middle&#8220; scene_position=&#8220;center&#8220; text_color=&#8220;dark&#8220; text_align=&#8220;left&#8220; overlay_strength=&#8220;0.3&#8243; shape_divider_position=&#8220;bottom&#8220;][vc_column column_padding=&#8220;no-extra-padding&#8220; column_padding_position=&#8220;all&#8220; background_color_opacity=&#8220;1&#8243; background_hover_color_opacity=&#8220;1&#8243; column_shadow=&#8220;none&#8220; column_border_radius=&#8220;none&#8220; width=&#8220;1\/2&#8243; tablet_text_alignment=&#8220;default&#8220; phone_text_alignment=&#8220;default&#8220; column_border_width=&#8220;none&#8220; column_border_style=&#8220;solid&#8220;][vc_column_text]\n<h4>Anfahrt mit dem Pkw<\/h4>\n<h5>\u00dcber die A 3 aus Richtung K\u00f6ln kommend<\/h5>\n<p>am Autobahnkreuz Wiesbaden auf die A 66 bis Miquelallee, dort rechts in die Eschersheimer Landstra\u00dfe abbiegen. Der Eschersheimer Landstra\u00dfe Richtung Stadtmitte folgen.<\/p>\n<h5>\u00dcber die A 3 aus Richtung W\u00fcrzburg kommend<\/h5>\n<p>bis Offenbacher Kreuz, dort auf die A 661 Richtung Bad Hom\u00adburg, Ausfahrt Frankfurt Stadt\u00admitte \/ Friedberger Landstra\u00dfe, der Friedberger Landstra\u00dfe folgen, nach der Kreuzung Friedber\u00adger Landstra\u00dfe \/ Nibelungenallee (Fachhochschule) rechts in die Glauburgstra\u00dfe abbiegen, am Ende der Glauburgstra\u00dfe links in den Oederweg abbiegen.<\/p>\n<h5>\u00dcber die A 5 aus Richtung Kassel kommend<\/h5>\n<p>am Nordwestkreuz Frankfurt auf die A 66 bis Miquelallee, dort rechts in die Eschersheimer Landstra\u00dfe abbiegen. Der Eschersheimer Landstra\u00dfe Richtung Stadtmitte folgen.<\/p>\n<h5>\u00dcber die A 5 aus Richtung Darmstadt kommend<\/h5>\n<p>bis Westkreuz Frankfurt, Abfahrt Stadtmitte \/ Messe, links ab\u00adbiegen auf die Mainzer Land\u00adstra\u00dfe, dem Stra\u00dfenverlauf \u00fcber die Taunusanlage in den Reuter\u00adweg folgen bis zur Ecke Wolfsgang\u00adstra\u00dfe. Hier rechts abbiegen bis zur Kreuzung Wolfs\u00adgangstra\u00dfe \/ Eschersheimer Landstra\u00dfe, hier rechts auf die Eschersheimer Landstra\u00dfe abbiegen.<\/p>\n<p>Kostenpflichtige Parkm\u00f6glichkeiten bestehen im City-Parkhaus,<br \/>\nQuerstra\u00dfe 7 &#8211; 9. Sie erreichen unser B\u00fcro in ca. 5 Gehminuten.<\/p>\n<h4>Anfahrt mit \u00f6ffentlichen Verkehrsmitteln<\/h4>\n<h5>Ab Frankfurt am Main Hauptbahnhof<\/h5>\n<p>Mit jeder Linie der S-Bahn bis Hauptwache, umsteigen in die U-Bahnen der Linien U1, U2, U3 und U8 Richtung Ginnheim, Gonzenheim oder Hohemark bis U-Bahn-Station Gr\u00fcneburgweg. Hier bitte den Ausgang &#8222;Baustra\u00dfe&#8220; w\u00e4hlen.<\/p>\n<h5>Ab Frankfurt am Main Flughafen<\/h5>\n<p>Vom Regionalbahnhof aus mit der S 8 oder S 9 Richtung Hanau bis Hauptwache, umsteigen in die U-Bahnen der Linien U1, U2, U3 und U8 Richtung Ginnheim, Gonzenheim, Hohe\u00admark oder Riedberg bis U-Bahn-Station Gr\u00fcneburgweg. Hier bitte den Ausgang &#8222;Baustra\u00dfe&#8220; w\u00e4hlen.[\/vc_column_text][\/vc_column][vc_column column_padding=&#8220;no-extra-padding&#8220; column_padding_position=&#8220;all&#8220; background_color_opacity=&#8220;1&#8243; background_hover_color_opacity=&#8220;1&#8243; column_shadow=&#8220;small_depth&#8220; column_border_radius=&#8220;none&#8220; width=&#8220;1\/2&#8243; tablet_text_alignment=&#8220;default&#8220; phone_text_alignment=&#8220;default&#8220; column_border_width=&#8220;none&#8220; column_border_style=&#8220;solid&#8220;][nectar_gmap zoom=&#8220;14&#8243; enable_zoom=&#8220;1&#8243; marker_style=&#8220;nectar&#8220; nectar_marker_color=&#8220;accent-color&#8220; map_greyscale=&#8220;1&#8243; size=&#8220;400&#8243; map_center_lat=&#8220;50.122507&#8243; map_center_lng=&#8220;8.676161&#8243; map_markers=&#8220;50.122507|8.676161|Gies Rechtsanw\u00e4lte&#8220;][vc_column_text css=&#8220;.vc_custom_1509553842953{margin-top: 30px !important;padding-bottom: 30px !important;padding-left: 30px !important;}&#8220;]\n<h4>GIES Rechtsanw\u00e4lte<\/h4>\n<p>Eschersheimer Landstra\u00dfe 60-62<br \/>\n60322 Frankfurt am Main<\/p>\n<p>Telefon: <a class=\"kontakt\" href=\"06915309680\">069 &#8211; 15 30 96 80<\/a><br \/>\nTelefax: 069 &#8211; 15 30 96 88<\/p>\n<p>E-Mail: <a class=\"kontakt\" href=\"mailto:mail@gies-rechtsanwaelte.de\">mail@gies-rechtsanwaelte.de<\/a>[\/vc_column_text][divider line_type=&#8220;No Line&#8220; custom_height=&#8220;30&#8243;][\/vc_column][\/vc_row]\n","protected":false},"excerpt":{"rendered":"<p>[vc_row type=&#8220;in_container&#8220; full_screen_row_position=&#8220;middle&#8220; scene_position=&#8220;center&#8220; text_color=&#8220;dark&#8220; text_align=&#8220;left&#8220; overlay_strength=&#8220;0.3&#8243; shape_divider_position=&#8220;bottom&#8220;][vc_column column_padding=&#8220;no-extra-padding&#8220; column_padding_position=&#8220;all&#8220; background_color_opacity=&#8220;1&#8243; background_hover_color_opacity=&#8220;1&#8243; column_shadow=&#8220;none&#8220; column_border_radius=&#8220;none&#8220; width=&#8220;1\/1&#8243;&#8230;<\/p>\n","protected":false},"author":1,"featured_media":0,"parent":0,"menu_order":0,"comment_status":"closed","ping_status":"closed","template":"","meta":[],"_links":{"self":[{"href":"https:\/\/gies-rechtsanwaelte.de\/startseite\/wp-json\/wp\/v2\/pages\/21"}],"collection":[{"href":"https:\/\/gies-rechtsanwaelte.de\/startseite\/wp-json\/wp\/v2\/pages"}],"about":[{"href":"https:\/\/gies-rechtsanwaelte.de\/startseite\/wp-json\/wp\/v2\/types\/page"}],"author":[{"embeddable":true,"href":"https:\/\/gies-rechtsanwaelte.de\/startseite\/wp-json\/wp\/v2\/users\/1"}],"replies":[{"embeddable":true,"href":"https:\/\/gies-rechtsanwaelte.de\/startseite\/wp-json\/wp\/v2\/comments?post=21"}],"version-history":[{"count":1,"href":"https:\/\/gies-rechtsanwaelte.de\/startseite\/wp-json\/wp\/v2\/pages\/21\/revisions"}],"predecessor-version":[{"id":3028,"href":"https:\/\/gies-rechtsanwaelte.de\/startseite\/wp-json\/wp\/v2\/pages\/21\/revisions\/3028"}],"wp:attachment":[{"href":"https:\/\/gies-rechtsanwaelte.de\/startseite\/wp-json\/wp\/v2\/media?parent=21"}],"curies":[{"name":"wp","href":"https:\/\/api.w.org\/{rel}","templated":true}]}}