{"id":23,"date":"2017-08-23T08:12:07","date_gmt":"2017-08-23T08:12:07","guid":{"rendered":"http:\/\/peachysalmon.com\/?page_id=23"},"modified":"2020-06-18T09:33:28","modified_gmt":"2020-06-18T07:33:28","slug":"impressum","status":"publish","type":"page","link":"https:\/\/gies-rechtsanwaelte.de\/startseite\/impressum\/","title":{"rendered":"Impressum"},"content":{"rendered":"[vc_row type=&#8220;in_container&#8220; full_screen_row_position=&#8220;middle&#8220; scene_position=&#8220;center&#8220; text_color=&#8220;dark&#8220; text_align=&#8220;left&#8220; overlay_strength=&#8220;0.3&#8243;][vc_column column_padding=&#8220;no-extra-padding&#8220; column_padding_position=&#8220;all&#8220; background_color_opacity=&#8220;1&#8243; background_hover_color_opacity=&#8220;1&#8243; column_shadow=&#8220;none&#8220; width=&#8220;1\/1&#8243; tablet_text_alignment=&#8220;default&#8220; phone_text_alignment=&#8220;default&#8220; column_border_width=&#8220;none&#8220; column_border_style=&#8220;solid&#8220;]<style type=\"text\/css\">#nectar-slider-instance-1, #nectar-slider-instance-1 .swiper-container { min-height: 300px; } #nectar-slider-instance-1, #nectar-slider-instance-1 .swiper-container { height: calc( 400 * 100vw \/ 1600 ); } <\/style><div  data-transition=\"slide\" data-overall_style=\"classic\" data-flexible-height=\"true\" data-animate-in-effect=\"zoom-out\" data-fullscreen=\"false\" data-button-sizing=\"regular\" data-button-styling=\"btn_with_count\" data-autorotate=\"\" data-parallax=\"false\" data-parallax-disable-mobile=\"\" data-caption-trans=\"fade_in_from_bottom\" data-parallax-style=\"bg_only\" data-bg-animation=\"none\" data-full-width=\"true\" class=\"nectar-slider-wrap \" id=\"nectar-slider-instance-1\"><div class=\"swiper-container\"  data-tho=\"auto\" data-tco=\"auto\" data-pho=\"auto\" data-pco=\"auto\" data-loop=\"false\" data-height=\"400\" data-min-height=\"300\" data-arrows=\"false\" data-bullets=\"false\" data-bullet_style=\"see_through\" data-bullet_position=\"bottom\" data-desktop-swipe=\"false\" data-settings=\"\"> <div class=\"swiper-wrapper\"><div class=\"swiper-slide\" data-desktop-content-width=\"\" data-tablet-content-width=\"\" data-bg-alignment=\"center\" data-color-scheme=\"light\" data-x-pos=\"left\" data-y-pos=\"middle\" ><div class=\"slide-bg-wrap\"><div class=\"image-bg\" style=\"background-image: url(https:\/\/gies-rechtsanwaelte.de\/wp-content\/uploads\/2017\/12\/massband.jpg);\"> &nbsp; <\/div><\/div><div class=\"video-texture \"> <span class=\"ie-fix\"><\/span> <\/div><\/div> <!--\/swiper-slide--><\/div><div class=\"nectar-slider-loading \"> <span class=\"loading-icon none\">   <\/span> <\/div> <\/div> \n\t\t\t\t\t\n\t\t\t\t\t<\/div>[\/vc_column][\/vc_row][vc_row type=&#8220;in_container&#8220; full_screen_row_position=&#8220;middle&#8220; scene_position=&#8220;center&#8220; text_color=&#8220;dark&#8220; text_align=&#8220;left&#8220; overlay_strength=&#8220;0.3&#8243;][vc_column column_padding=&#8220;no-extra-padding&#8220; column_padding_position=&#8220;top&#8220; background_color_opacity=&#8220;1&#8243; background_hover_color_opacity=&#8220;1&#8243; column_shadow=&#8220;none&#8220; width=&#8220;1\/1&#8243; tablet_text_alignment=&#8220;default&#8220; phone_text_alignment=&#8220;default&#8220; column_border_width=&#8220;none&#8220; column_border_style=&#8220;solid&#8220;][divider line_type=&#8220;No Line&#8220; custom_height=&#8220;30&#8243;][vc_column_text]\n<h3>GIES Rechtsanw\u00e4lte<\/h3>\n[\/vc_column_text][\/vc_column][\/vc_row][vc_row type=&#8220;in_container&#8220; full_screen_row_position=&#8220;middle&#8220; scene_position=&#8220;center&#8220; text_color=&#8220;dark&#8220; text_align=&#8220;left&#8220; overlay_strength=&#8220;0.3&#8243;][vc_column column_padding=&#8220;no-extra-padding&#8220; column_padding_position=&#8220;all&#8220; background_color_opacity=&#8220;1&#8243; background_hover_color_opacity=&#8220;1&#8243; column_shadow=&#8220;none&#8220; width=&#8220;1\/2&#8243; tablet_text_alignment=&#8220;default&#8220; phone_text_alignment=&#8220;default&#8220; column_border_width=&#8220;none&#8220; column_border_style=&#8220;solid&#8220;][vc_column_text]Verantwortlich: Rechtsanwalt Thomas Gies<br \/>\nEschersheimer Landstra\u00dfe 60-62<br \/>\n60322 Frankfurt am Main<\/p>\n<p>Tel.: +49 (0)69 15309680<br \/>\nFax: +49 (0)69 15309688<\/p>\n<p>Die Rechtsanw\u00e4lte der Kanzlei GIES Rechtsanw\u00e4lte sind nach dem Recht der Bundesrepublik Deutschland zugelassen und Mitglieder der:<\/p>\n<p>Rechtsanwaltskammer Frankfurt am Main K.d.\u00f6.R.<br \/>\nBockenheimer Anlage 36<br \/>\n60322 Frankfurt am Main<br \/>\n<a href=\"mailto:info@rechtsanwaltskammer-ffm.de\">info@rechtsanwaltskammer-ffm.de<\/a><br \/>\n<a href=\"http:\/\/www.rechtsanwaltskammer-ffm.de\" target=\"_blank\" rel=\"noopener noreferrer\">www.rechtsanwaltskammer-ffm.de<\/a>.<\/p>\n<p><strong>USt-IdNr.:<\/strong> DE186443788[\/vc_column_text][\/vc_column][vc_column column_padding=&#8220;no-extra-padding&#8220; column_padding_position=&#8220;all&#8220; background_color_opacity=&#8220;1&#8243; background_hover_color_opacity=&#8220;1&#8243; column_shadow=&#8220;none&#8220; width=&#8220;1\/2&#8243; tablet_text_alignment=&#8220;default&#8220; phone_text_alignment=&#8220;default&#8220; column_border_width=&#8220;none&#8220; column_border_style=&#8220;solid&#8220;][vc_column_text]\n<div id=\"ContentMiddle\" class=\"ContentImprint\">\n<h4>Disclaimer<\/h4>\n<p>Die Informationen auf dieser Website dienen der Darstellung der Kanzlei GIES Rechtsanw\u00e4lte und stellen keine Rechtsberatung dar und k\u00f6nnen diese auch nicht ersetzen.<br \/>\nGIES Rechtsanw\u00e4lte \u00fcbernimmt keine Gew\u00e4hr f\u00fcr die Aktualit\u00e4t, Richtigkeit und Vollst\u00e4ndigkeit der auf dieser Website bereitgestellten Informationen. Gleiches gilt auch f\u00fcr die Inhalte externer Websites, auf die diese Site \u00fcber Hyperlinks direkt oder indirekt verweist und auf die GIES Rechtsanw\u00e4lte keinen Einfluss hat.<\/p>\n<\/div>\n[\/vc_column_text][\/vc_column][\/vc_row]\n","protected":false},"excerpt":{"rendered":"<p>[vc_row type=&#8220;in_container&#8220; full_screen_row_position=&#8220;middle&#8220; scene_position=&#8220;center&#8220; text_color=&#8220;dark&#8220; text_align=&#8220;left&#8220; overlay_strength=&#8220;0.3&#8243;][vc_column column_padding=&#8220;no-extra-padding&#8220; column_padding_position=&#8220;all&#8220; background_color_opacity=&#8220;1&#8243; background_hover_color_opacity=&#8220;1&#8243; column_shadow=&#8220;none&#8220; width=&#8220;1\/1&#8243; tablet_text_alignment=&#8220;default&#8220; phone_text_alignment=&#8220;default&#8220;&#8230;<\/p>\n","protected":false},"author":1,"featured_media":0,"parent":0,"menu_order":0,"comment_status":"closed","ping_status":"closed","template":"","meta":[],"_links":{"self":[{"href":"https:\/\/gies-rechtsanwaelte.de\/startseite\/wp-json\/wp\/v2\/pages\/23"}],"collection":[{"href":"https:\/\/gies-rechtsanwaelte.de\/startseite\/wp-json\/wp\/v2\/pages"}],"about":[{"href":"https:\/\/gies-rechtsanwaelte.de\/startseite\/wp-json\/wp\/v2\/types\/page"}],"author":[{"embeddable":true,"href":"https:\/\/gies-rechtsanwaelte.de\/startseite\/wp-json\/wp\/v2\/users\/1"}],"replies":[{"embeddable":true,"href":"https:\/\/gies-rechtsanwaelte.de\/startseite\/wp-json\/wp\/v2\/comments?post=23"}],"version-history":[{"count":2,"href":"https:\/\/gies-rechtsanwaelte.de\/startseite\/wp-json\/wp\/v2\/pages\/23\/revisions"}],"predecessor-version":[{"id":3068,"href":"https:\/\/gies-rechtsanwaelte.de\/startseite\/wp-json\/wp\/v2\/pages\/23\/revisions\/3068"}],"wp:attachment":[{"href":"https:\/\/gies-rechtsanwaelte.de\/startseite\/wp-json\/wp\/v2\/media?parent=23"}],"curies":[{"name":"wp","href":"https:\/\/api.w.org\/{rel}","templated":true}]}}