{"id":2990,"date":"2017-12-04T21:58:37","date_gmt":"2017-12-04T20:58:37","guid":{"rendered":"http:\/\/80.69.32.45\/?page_id=2990"},"modified":"2017-12-04T21:58:37","modified_gmt":"2017-12-04T20:58:37","slug":"mietrecht-immobilienrecht","status":"publish","type":"page","link":"https:\/\/gies-rechtsanwaelte.de\/startseite\/mietrecht-immobilienrecht\/","title":{"rendered":"Mietrecht \/ Immobilienrecht"},"content":{"rendered":"[vc_row type=&#8220;in_container&#8220; full_screen_row_position=&#8220;middle&#8220; scene_position=&#8220;center&#8220; text_color=&#8220;dark&#8220; text_align=&#8220;left&#8220; overlay_strength=&#8220;0.3&#8243; shape_divider_position=&#8220;bottom&#8220;][vc_column column_padding=&#8220;no-extra-padding&#8220; column_padding_position=&#8220;all&#8220; background_color_opacity=&#8220;1&#8243; background_hover_color_opacity=&#8220;1&#8243; column_shadow=&#8220;none&#8220; column_border_radius=&#8220;none&#8220; width=&#8220;1\/1&#8243; tablet_text_alignment=&#8220;default&#8220; phone_text_alignment=&#8220;default&#8220; column_border_width=&#8220;none&#8220; column_border_style=&#8220;solid&#8220;]<style type=\"text\/css\">#nectar-slider-instance-1, #nectar-slider-instance-1 .swiper-container { min-height: 300px; } #nectar-slider-instance-1, #nectar-slider-instance-1 .swiper-container { height: calc( 400 * 100vw \/ 1600 ); } <\/style><div  data-transition=\"slide\" data-overall_style=\"classic\" data-flexible-height=\"true\" data-animate-in-effect=\"zoom-out\" data-fullscreen=\"false\" data-button-sizing=\"regular\" data-button-styling=\"btn_with_count\" data-autorotate=\"\" data-parallax=\"false\" data-parallax-disable-mobile=\"\" data-caption-trans=\"fade_in_from_bottom\" data-parallax-style=\"bg_only\" data-bg-animation=\"none\" data-full-width=\"true\" class=\"nectar-slider-wrap \" id=\"nectar-slider-instance-1\"><div class=\"swiper-container\"  data-tho=\"auto\" data-tco=\"auto\" data-pho=\"auto\" data-pco=\"auto\" data-loop=\"false\" data-height=\"400\" data-min-height=\"300\" data-arrows=\"false\" data-bullets=\"false\" data-bullet_style=\"see_through\" data-bullet_position=\"bottom\" data-desktop-swipe=\"false\" data-settings=\"\"> <div class=\"swiper-wrapper\"><div class=\"swiper-slide\" data-desktop-content-width=\"\" data-tablet-content-width=\"\" data-bg-alignment=\"top\" data-color-scheme=\"light\" data-x-pos=\"left\" data-y-pos=\"middle\" ><div class=\"slide-bg-wrap\"><div class=\"image-bg\" style=\"background-image: url(https:\/\/gies-rechtsanwaelte.de\/wp-content\/uploads\/2017\/12\/nadeln.jpg);\"> &nbsp; <\/div><\/div><div class=\"video-texture \"> <span class=\"ie-fix\"><\/span> <\/div><\/div> <!--\/swiper-slide--><\/div><div class=\"nectar-slider-loading \"> <span class=\"loading-icon none\">   <\/span> <\/div> <\/div> \n\t\t\t\t\t\n\t\t\t\t\t<\/div>[\/vc_column][\/vc_row][vc_row type=&#8220;in_container&#8220; full_screen_row_position=&#8220;middle&#8220; scene_position=&#8220;center&#8220; text_color=&#8220;dark&#8220; text_align=&#8220;left&#8220; overlay_strength=&#8220;0.3&#8243; shape_divider_position=&#8220;bottom&#8220;][vc_column column_padding=&#8220;no-extra-padding&#8220; column_padding_position=&#8220;all&#8220; background_color_opacity=&#8220;1&#8243; background_hover_color_opacity=&#8220;1&#8243; column_shadow=&#8220;none&#8220; column_border_radius=&#8220;none&#8220; width=&#8220;1\/1&#8243; tablet_text_alignment=&#8220;default&#8220; phone_text_alignment=&#8220;default&#8220; column_border_width=&#8220;none&#8220; column_border_style=&#8220;solid&#8220;][divider line_type=&#8220;No Line&#8220; custom_height=&#8220;30&#8243;][vc_column_text]\n<h3>Mietrecht \/ Immobilienrecht<\/h3>\n[\/vc_column_text][divider line_type=&#8220;No Line&#8220; custom_height=&#8220;20&#8243;][\/vc_column][\/vc_row][vc_row type=&#8220;in_container&#8220; full_screen_row_position=&#8220;middle&#8220; scene_position=&#8220;center&#8220; text_color=&#8220;dark&#8220; text_align=&#8220;left&#8220; overlay_strength=&#8220;0.3&#8243; shape_divider_position=&#8220;bottom&#8220;][vc_column column_padding=&#8220;no-extra-padding&#8220; column_padding_position=&#8220;all&#8220; background_color_opacity=&#8220;1&#8243; background_hover_color_opacity=&#8220;1&#8243; column_shadow=&#8220;none&#8220; column_border_radius=&#8220;none&#8220; width=&#8220;2\/3&#8243; tablet_text_alignment=&#8220;default&#8220; phone_text_alignment=&#8220;default&#8220; column_border_width=&#8220;none&#8220; column_border_style=&#8220;solid&#8220;][vc_column_text]Unsere Mandanten beraten wir bei Grundst\u00fccks\u00fcbertragungsvertr\u00e4gen sowie bei Erbbau-\/ Erbpacht\u00fcbertragungsvertr\u00e4gen.<\/p>\n<p>Im gesamten gewerblichen und privaten Mietrecht sind wir f\u00fcr unsere Mandanten t\u00e4tig und erstellen insbesondere Gewerbemiet- und Pachtvertr\u00e4ge. F\u00fcr s\u00e4mtliche damit in Zusammenhang stehenden Fragen stehen wir zur Verf\u00fcgung; wir vertreten unsere Mandanten dar\u00fcber hinaus selbstverst\u00e4ndlich in au\u00dfergerichtlichen und gerichtlichen mietvertraglichen Auseinandersetzungen.<\/p>\n<p>Auch im Bereich des Grundst\u00fccksrechts sowie des Wohnungseigentumsrechts sowie des privaten Nachbarrechts beraten und vertreten wir unsere Mandanten. Gerade auch Bauunternehmen, Bauherren und Architekten beraten wir in allen Fragen des privaten Baurechts, insbesondere zur Haftung der Baubeteiligten und bei der Geltendmachung und Abwehr von Zahlungs- und Gew\u00e4hrleistungsanspr\u00fcchen.[\/vc_column_text][\/vc_column][vc_column column_padding=&#8220;no-extra-padding&#8220; column_padding_position=&#8220;all&#8220; background_color_opacity=&#8220;1&#8243; background_hover_color_opacity=&#8220;1&#8243; column_shadow=&#8220;none&#8220; column_border_radius=&#8220;none&#8220; width=&#8220;1\/3&#8243; tablet_text_alignment=&#8220;default&#8220; phone_text_alignment=&#8220;default&#8220; column_border_width=&#8220;none&#8220; column_border_style=&#8220;solid&#8220;][\/vc_column][\/vc_row][vc_row type=&#8220;in_container&#8220; full_screen_row_position=&#8220;middle&#8220; scene_position=&#8220;center&#8220; text_color=&#8220;dark&#8220; text_align=&#8220;left&#8220; overlay_strength=&#8220;0.3&#8243; shape_divider_position=&#8220;bottom&#8220;][vc_column column_padding=&#8220;no-extra-padding&#8220; column_padding_position=&#8220;all&#8220; background_color_opacity=&#8220;1&#8243; background_hover_color_opacity=&#8220;1&#8243; column_shadow=&#8220;none&#8220; column_border_radius=&#8220;none&#8220; width=&#8220;1\/1&#8243; tablet_text_alignment=&#8220;default&#8220; phone_text_alignment=&#8220;default&#8220; column_border_width=&#8220;none&#8220; column_border_style=&#8220;solid&#8220;][vc_text_separator title=&#8220;T\u00e4tigkeitsfelder&#8220;][page_submenu alignment=&#8220;left&#8220; link_color=&#8220;#c2a572&#8243;][page_link link_url=&#8220;\/arbeitsrecht\/&#8220; title=&#8220;Arbeitsrecht&#8220; id=&#8220;1507834264508-05bef-0a48&#8243; tab_id=&#8220;1510079825780-7&#8243;] [\/page_link][page_link link_url=&#8220;\/gesellschaftsrecht\/&#8220; title=&#8220;Gesellschaftsrecht&#8220; id=&#8220;1507834265014-35bef-0a48&#8243; tab_id=&#8220;1510079826219-0&#8243;] [\/page_link][page_link title=&#8220;Gewerblicher Rechtsschutz&#8220; id=&#8220;1507834375650-85bef-0a48&#8243; link_url=&#8220;\/gewerblicher-rechtsschutz\/&#8220; tab_id=&#8220;1510079826648-8&#8243;][\/page_link][page_link title=&#8220;Miet- \/ Immobilienrecht&#8220; id=&#8220;1507834504694-05bef-0a48&#8243; link_url=&#8220;\/mietrecht-immobilienrecht\/&#8220; tab_id=&#8220;1510079827521-1&#8243;][\/page_link][page_link title=&#8220;Private Equity&#8220; id=&#8220;1507834546688-105bef-0a48&#8243; link_url=&#8220;\/private-equity\/&#8220; tab_id=&#8220;1510079827943-8&#8243;][\/page_link][page_link title=&#8220;Restrukturierungs- \/ Sanierungs- \/ Insolvenzrecht&#8220; id=&#8220;1507834639866-25bef-0a48&#8243; link_url=&#8220;\/restrukturierungs-sanierungs-insolvenzrecht\/&#8220; tab_id=&#8220;1510079828391-5&#8243;][\/page_link][page_link title=&#8220;Prozessrecht \/ Schiedsverfahren&#8220; id=&#8220;1507834574607-95bef-0a48&#8243; link_url=&#8220;\/prozessrecht-schiedsverfahren\/&#8220; tab_id=&#8220;1510079828830-6&#8243;][\/page_link][page_link title=&#8220;Handels-\/ Vertragsrecht&#8220; id=&#8220;1507834462970-95bef-0a48&#8243; link_url=&#8220;\/handelsrecht-vertragsrecht\/&#8220; tab_id=&#8220;1510079827096-8&#8243;][\/page_link][page_link title=&#8220;Unternehmenstransaktionen \/ MA \/ Unternehmensnachfolge&#8220; id=&#8220;1507834688038-15bef-0a48&#8243; link_url=&#8220;unternehmenstransaktionen-ma-unternehmensnachfolge\/&#8220; tab_id=&#8220;1510079829285-10&#8243;][\/page_link][\/page_submenu][\/vc_column][\/vc_row]\n","protected":false},"excerpt":{"rendered":"<p>[vc_row type=&#8220;in_container&#8220; full_screen_row_position=&#8220;middle&#8220; scene_position=&#8220;center&#8220; text_color=&#8220;dark&#8220; text_align=&#8220;left&#8220; overlay_strength=&#8220;0.3&#8243; shape_divider_position=&#8220;bottom&#8220;][vc_column column_padding=&#8220;no-extra-padding&#8220; column_padding_position=&#8220;all&#8220; background_color_opacity=&#8220;1&#8243; background_hover_color_opacity=&#8220;1&#8243; column_shadow=&#8220;none&#8220; column_border_radius=&#8220;none&#8220; width=&#8220;1\/1&#8243;&#8230;<\/p>\n","protected":false},"author":1,"featured_media":0,"parent":0,"menu_order":0,"comment_status":"closed","ping_status":"closed","template":"","meta":[],"_links":{"self":[{"href":"https:\/\/gies-rechtsanwaelte.de\/startseite\/wp-json\/wp\/v2\/pages\/2990"}],"collection":[{"href":"https:\/\/gies-rechtsanwaelte.de\/startseite\/wp-json\/wp\/v2\/pages"}],"about":[{"href":"https:\/\/gies-rechtsanwaelte.de\/startseite\/wp-json\/wp\/v2\/types\/page"}],"author":[{"embeddable":true,"href":"https:\/\/gies-rechtsanwaelte.de\/startseite\/wp-json\/wp\/v2\/users\/1"}],"replies":[{"embeddable":true,"href":"https:\/\/gies-rechtsanwaelte.de\/startseite\/wp-json\/wp\/v2\/comments?post=2990"}],"version-history":[{"count":2,"href":"https:\/\/gies-rechtsanwaelte.de\/startseite\/wp-json\/wp\/v2\/pages\/2990\/revisions"}],"predecessor-version":[{"id":2992,"href":"https:\/\/gies-rechtsanwaelte.de\/startseite\/wp-json\/wp\/v2\/pages\/2990\/revisions\/2992"}],"wp:attachment":[{"href":"https:\/\/gies-rechtsanwaelte.de\/startseite\/wp-json\/wp\/v2\/media?parent=2990"}],"curies":[{"name":"wp","href":"https:\/\/api.w.org\/{rel}","templated":true}]}}