{"id":3000,"date":"2017-12-04T22:08:03","date_gmt":"2017-12-04T21:08:03","guid":{"rendered":"http:\/\/80.69.32.45\/?page_id=3000"},"modified":"2017-12-04T22:08:03","modified_gmt":"2017-12-04T21:08:03","slug":"restrukturierungs-sanierungs-insolvenzrecht","status":"publish","type":"page","link":"https:\/\/gies-rechtsanwaelte.de\/startseite\/restrukturierungs-sanierungs-insolvenzrecht\/","title":{"rendered":"Restrukturierungs- Sanierungs- Insolvenzrecht"},"content":{"rendered":"[vc_row type=&#8220;in_container&#8220; full_screen_row_position=&#8220;middle&#8220; scene_position=&#8220;center&#8220; text_color=&#8220;dark&#8220; text_align=&#8220;left&#8220; overlay_strength=&#8220;0.3&#8243;][vc_column column_padding=&#8220;no-extra-padding&#8220; column_padding_position=&#8220;all&#8220; background_color_opacity=&#8220;1&#8243; background_hover_color_opacity=&#8220;1&#8243; column_shadow=&#8220;none&#8220; width=&#8220;1\/1&#8243; tablet_text_alignment=&#8220;default&#8220; phone_text_alignment=&#8220;default&#8220; column_border_width=&#8220;none&#8220; column_border_style=&#8220;solid&#8220;]<style type=\"text\/css\">#nectar-slider-instance-1, #nectar-slider-instance-1 .swiper-container { min-height: 300px; } #nectar-slider-instance-1, #nectar-slider-instance-1 .swiper-container { height: calc( 400 * 100vw \/ 1600 ); } <\/style><div  data-transition=\"slide\" data-overall_style=\"classic\" data-flexible-height=\"true\" data-animate-in-effect=\"zoom-out\" data-fullscreen=\"false\" data-button-sizing=\"regular\" data-button-styling=\"btn_with_count\" data-autorotate=\"\" data-parallax=\"false\" data-parallax-disable-mobile=\"\" data-caption-trans=\"fade_in_from_bottom\" data-parallax-style=\"bg_only\" data-bg-animation=\"none\" data-full-width=\"true\" class=\"nectar-slider-wrap \" id=\"nectar-slider-instance-1\"><div class=\"swiper-container\"  data-tho=\"auto\" data-tco=\"auto\" data-pho=\"auto\" data-pco=\"auto\" data-loop=\"false\" data-height=\"400\" data-min-height=\"300\" data-arrows=\"false\" data-bullets=\"false\" data-bullet_style=\"see_through\" data-bullet_position=\"bottom\" data-desktop-swipe=\"false\" data-settings=\"\"> <div class=\"swiper-wrapper\"><div class=\"swiper-slide\" data-desktop-content-width=\"\" data-tablet-content-width=\"\" data-bg-alignment=\"top\" data-color-scheme=\"light\" data-x-pos=\"left\" data-y-pos=\"middle\" ><div class=\"slide-bg-wrap\"><div class=\"image-bg\" style=\"background-image: url(https:\/\/gies-rechtsanwaelte.de\/wp-content\/uploads\/2017\/12\/schere.jpg);\"> &nbsp; <\/div><\/div><div class=\"video-texture \"> <span class=\"ie-fix\"><\/span> <\/div><\/div> <!--\/swiper-slide--><\/div><div class=\"nectar-slider-loading \"> <span class=\"loading-icon none\">   <\/span> <\/div> <\/div> \n\t\t\t\t\t\n\t\t\t\t\t<\/div>[\/vc_column][\/vc_row][vc_row type=&#8220;in_container&#8220; full_screen_row_position=&#8220;middle&#8220; scene_position=&#8220;center&#8220; text_color=&#8220;dark&#8220; text_align=&#8220;left&#8220; overlay_strength=&#8220;0.3&#8243;][vc_column column_padding=&#8220;no-extra-padding&#8220; column_padding_position=&#8220;all&#8220; background_color_opacity=&#8220;1&#8243; background_hover_color_opacity=&#8220;1&#8243; column_shadow=&#8220;none&#8220; width=&#8220;1\/1&#8243; tablet_text_alignment=&#8220;default&#8220; phone_text_alignment=&#8220;default&#8220; column_border_width=&#8220;none&#8220; column_border_style=&#8220;solid&#8220;][divider line_type=&#8220;No Line&#8220; custom_height=&#8220;30&#8243;][vc_column_text]\n<h3>Restrukturierungs- Sanierungs- Insolvenzrecht<\/h3>\n[\/vc_column_text][divider line_type=&#8220;No Line&#8220; custom_height=&#8220;20&#8243;][\/vc_column][\/vc_row][vc_row type=&#8220;in_container&#8220; full_screen_row_position=&#8220;middle&#8220; scene_position=&#8220;center&#8220; text_color=&#8220;dark&#8220; text_align=&#8220;left&#8220; overlay_strength=&#8220;0.3&#8243;][vc_column column_padding=&#8220;no-extra-padding&#8220; column_padding_position=&#8220;all&#8220; background_color_opacity=&#8220;1&#8243; background_hover_color_opacity=&#8220;1&#8243; column_shadow=&#8220;none&#8220; width=&#8220;2\/3&#8243; tablet_text_alignment=&#8220;default&#8220; phone_text_alignment=&#8220;default&#8220; column_border_width=&#8220;none&#8220; column_border_style=&#8220;solid&#8220;][vc_column_text]Unsere Erfahrungen und unsere Kenntnisse des Wirtschaftsrechts erm\u00f6glichen es uns, bei Sanierungen bzw. Restrukturierungen umfassend zu beraten und unter besonderer Ber\u00fccksichtigung betriebswirtschaftlicher Belange L\u00f6sungen anzubieten.<\/p>\n<p>Wir suchen fr\u00fchzeitig nach M\u00f6glichkeiten, Abl\u00e4ufe, Prozesse und Verfahren in den Unternehmen zu verbessern. Unsere Branchenkenntnisse erlauben auch, gegebenenfalls strategische (Neu-) Ausrichtungen zu unterst\u00fctzen.<\/p>\n<p>Nach eingehender betriebswirtschaftlicher und rechtlicher Analyse beantworten wir die Frage m\u00f6glicher Insolvenzreife und zeigen L\u00f6sungsm\u00f6glichkeiten zur positiven Fortf\u00fchrung des Unternehmens auf, die von au\u00dfergerichtlicher Restrukturierung und Sanierung \u00fcber die Ver\u00e4u\u00dferung des Unternehmens oder Teilen hiervon bis hin zur Sanierung und Entschuldung im Rahmen eines Insolvenzplanverfahrens reichen k\u00f6nnen.<\/p>\n<p>Im Rahmen der Restrukturierung und Sanierung \u00fcbernehmen wir die Umsetzung und Gestaltung aller erforderlichen gesellschafts-, arbeits-, vertrags- und kapitalrechtlichen Ma\u00dfnahmen. Hierbei legen wir Wert auf eine z\u00fcgige und zielgerichtete Umsetzung der Ma\u00dfnahmen, um die Restrukturierung oder Sanierung zur Erhaltung der geschaffenen Werte zum Erfolg zu f\u00fchren und gleichzeitig Haftungsrisiken f\u00fcr die handelnden Organe zu vermeiden.<\/p>\n<p>Die handelnden Organe &#8211; Gesch\u00e4ftsf\u00fchrer, Vorst\u00e4nde und Gesellschafterberaten und vertreten wir umfassend &#8211; auch im Hinblick auf das Risiko pers\u00f6nlicher zivil- und strafrechtlicher Haftung.<\/p>\n<p>Dar\u00fcber hinaus beraten und vertreten wir Gl\u00e4ubiger im Vorfeld und w\u00e4hrend eines Insolvenzverfahrens bei der Geltendmachung ihrer Rechte (insbesondere von Sicherungsrechten) und der Anmeldung und Verfolgung ihrer Forderungen.[\/vc_column_text][\/vc_column][vc_column column_padding=&#8220;no-extra-padding&#8220; column_padding_position=&#8220;all&#8220; background_color_opacity=&#8220;1&#8243; background_hover_color_opacity=&#8220;1&#8243; column_shadow=&#8220;none&#8220; width=&#8220;1\/3&#8243; tablet_text_alignment=&#8220;default&#8220; phone_text_alignment=&#8220;default&#8220; column_border_width=&#8220;none&#8220; column_border_style=&#8220;solid&#8220;][\/vc_column][\/vc_row][vc_row type=&#8220;in_container&#8220; full_screen_row_position=&#8220;middle&#8220; scene_position=&#8220;center&#8220; text_color=&#8220;dark&#8220; text_align=&#8220;left&#8220; overlay_strength=&#8220;0.3&#8243;][vc_column column_padding=&#8220;no-extra-padding&#8220; column_padding_position=&#8220;all&#8220; background_color_opacity=&#8220;1&#8243; background_hover_color_opacity=&#8220;1&#8243; column_shadow=&#8220;none&#8220; width=&#8220;1\/1&#8243; tablet_text_alignment=&#8220;default&#8220; phone_text_alignment=&#8220;default&#8220; column_border_width=&#8220;none&#8220; column_border_style=&#8220;solid&#8220;][vc_text_separator title=&#8220;T\u00e4tigkeitsfelder&#8220;][page_submenu alignment=&#8220;left&#8220; link_color=&#8220;#c2a572&#8243;][page_link link_url=&#8220;\/arbeitsrecht\/&#8220; title=&#8220;Arbeitsrecht&#8220; id=&#8220;1507834264508-03c4c-f806&#8243; tab_id=&#8220;1510085170755-1&#8243;] [\/page_link][page_link link_url=&#8220;\/gesellschaftsrecht\/&#8220; title=&#8220;Gesellschaftsrecht&#8220; id=&#8220;1507834265014-33c4c-f806&#8243; tab_id=&#8220;1510085171261-7&#8243;] [\/page_link][page_link title=&#8220;Gewerblicher Rechtsschutz&#8220; id=&#8220;1507834375650-83c4c-f806&#8243; link_url=&#8220;\/gewerblicher-rechtsschutz\/&#8220; tab_id=&#8220;1510085171757-5&#8243;][\/page_link][page_link title=&#8220;Handels-\/ Vertragsrecht&#8220; id=&#8220;1507834462970-93c4c-f806&#8243; link_url=&#8220;\/handelsrecht-vertragsrecht\/&#8220; tab_id=&#8220;1510085172247-2&#8243;][\/page_link][page_link title=&#8220;Miet- \/ Immobilienrecht&#8220; id=&#8220;1507834504694-03c4c-f806&#8243; link_url=&#8220;\/mietrecht-immobilienrecht\/&#8220; tab_id=&#8220;1510085172748-3&#8243;][\/page_link][page_link title=&#8220;Private Equity&#8220; id=&#8220;1507834546688-103c4c-f806&#8243; link_url=&#8220;\/private-equity\/&#8220; tab_id=&#8220;1510085173235-5&#8243;][\/page_link][page_link title=&#8220;Restrukturierungs- \/ Sanierungs- \/ Insolvenzrecht&#8220; id=&#8220;1507834639866-23c4c-f806&#8243; link_url=&#8220;\/restrukturierungs-sanierungs-insolvenzrecht\/&#8220; tab_id=&#8220;1510085173734-7&#8243;][\/page_link][page_link title=&#8220;Prozessrecht \/ Schiedsverfahren&#8220; id=&#8220;1507834574607-93c4c-f806&#8243; link_url=&#8220;\/prozessrecht-schiedsverfahren\/&#8220; tab_id=&#8220;1510085174215-3&#8243;][\/page_link][page_link title=&#8220;Unternehmenstransaktionen \/ MA \/ Unternehmensnachfolge&#8220; id=&#8220;1507834688038-13c4c-f806&#8243; link_url=&#8220;\/unternehmenstransaktionen-ma-unternehmensnachfolge\/&#8220; tab_id=&#8220;1510085174692-3&#8243;][\/page_link][\/page_submenu][\/vc_column][\/vc_row]\n","protected":false},"excerpt":{"rendered":"<p>[vc_row type=&#8220;in_container&#8220; full_screen_row_position=&#8220;middle&#8220; scene_position=&#8220;center&#8220; text_color=&#8220;dark&#8220; text_align=&#8220;left&#8220; overlay_strength=&#8220;0.3&#8243;][vc_column column_padding=&#8220;no-extra-padding&#8220; column_padding_position=&#8220;all&#8220; background_color_opacity=&#8220;1&#8243; background_hover_color_opacity=&#8220;1&#8243; column_shadow=&#8220;none&#8220; width=&#8220;1\/1&#8243; tablet_text_alignment=&#8220;default&#8220; phone_text_alignment=&#8220;default&#8220;&#8230;<\/p>\n","protected":false},"author":1,"featured_media":0,"parent":0,"menu_order":0,"comment_status":"closed","ping_status":"closed","template":"","meta":[],"_links":{"self":[{"href":"https:\/\/gies-rechtsanwaelte.de\/startseite\/wp-json\/wp\/v2\/pages\/3000"}],"collection":[{"href":"https:\/\/gies-rechtsanwaelte.de\/startseite\/wp-json\/wp\/v2\/pages"}],"about":[{"href":"https:\/\/gies-rechtsanwaelte.de\/startseite\/wp-json\/wp\/v2\/types\/page"}],"author":[{"embeddable":true,"href":"https:\/\/gies-rechtsanwaelte.de\/startseite\/wp-json\/wp\/v2\/users\/1"}],"replies":[{"embeddable":true,"href":"https:\/\/gies-rechtsanwaelte.de\/startseite\/wp-json\/wp\/v2\/comments?post=3000"}],"version-history":[{"count":1,"href":"https:\/\/gies-rechtsanwaelte.de\/startseite\/wp-json\/wp\/v2\/pages\/3000\/revisions"}],"predecessor-version":[{"id":3001,"href":"https:\/\/gies-rechtsanwaelte.de\/startseite\/wp-json\/wp\/v2\/pages\/3000\/revisions\/3001"}],"wp:attachment":[{"href":"https:\/\/gies-rechtsanwaelte.de\/startseite\/wp-json\/wp\/v2\/media?parent=3000"}],"curies":[{"name":"wp","href":"https:\/\/api.w.org\/{rel}","templated":true}]}}