{"id":41,"date":"2017-08-23T08:48:17","date_gmt":"2017-08-23T08:48:17","guid":{"rendered":"http:\/\/peachysalmon.com\/?page_id=41"},"modified":"2017-12-08T15:58:00","modified_gmt":"2017-12-08T14:58:00","slug":"bank-und-kapitalmarktrecht","status":"publish","type":"page","link":"https:\/\/gies-rechtsanwaelte.de\/startseite\/bank-und-kapitalmarktrecht\/","title":{"rendered":"Bank- und Kapitalmarktrecht"},"content":{"rendered":"[vc_row type=&#8220;in_container&#8220; full_screen_row_position=&#8220;middle&#8220; scene_position=&#8220;center&#8220; text_color=&#8220;dark&#8220; text_align=&#8220;left&#8220; overlay_strength=&#8220;0.3&#8243; shape_divider_position=&#8220;bottom&#8220;][vc_column column_padding=&#8220;no-extra-padding&#8220; column_padding_position=&#8220;all&#8220; background_color_opacity=&#8220;1&#8243; background_hover_color_opacity=&#8220;1&#8243; column_shadow=&#8220;none&#8220; column_border_radius=&#8220;none&#8220; width=&#8220;1\/1&#8243; tablet_text_alignment=&#8220;default&#8220; phone_text_alignment=&#8220;default&#8220; column_border_width=&#8220;none&#8220; column_border_style=&#8220;solid&#8220;]<style type=\"text\/css\">#nectar-slider-instance-1, #nectar-slider-instance-1 .swiper-container { min-height: 300px; } #nectar-slider-instance-1, #nectar-slider-instance-1 .swiper-container { height: calc( 400 * 100vw \/ 1600 ); } <\/style><div  data-transition=\"slide\" data-overall_style=\"classic\" data-flexible-height=\"true\" data-animate-in-effect=\"zoom-out\" data-fullscreen=\"false\" data-button-sizing=\"regular\" data-button-styling=\"btn_with_count\" data-autorotate=\"\" data-parallax=\"false\" data-parallax-disable-mobile=\"\" data-caption-trans=\"fade_in_from_bottom\" data-parallax-style=\"bg_only\" data-bg-animation=\"none\" data-full-width=\"true\" class=\"nectar-slider-wrap \" id=\"nectar-slider-instance-1\"><div class=\"swiper-container\"  data-tho=\"auto\" data-tco=\"auto\" data-pho=\"auto\" data-pco=\"auto\" data-loop=\"false\" data-height=\"400\" data-min-height=\"300\" data-arrows=\"false\" data-bullets=\"false\" data-bullet_style=\"see_through\" data-bullet_position=\"bottom\" data-desktop-swipe=\"false\" data-settings=\"\"> <div class=\"swiper-wrapper\"><div class=\"swiper-slide\" data-desktop-content-width=\"\" data-tablet-content-width=\"\" data-bg-alignment=\"top\" data-color-scheme=\"light\" data-x-pos=\"left\" data-y-pos=\"middle\" ><div class=\"slide-bg-wrap\"><div class=\"image-bg\" style=\"background-image: url(https:\/\/gies-rechtsanwaelte.de\/wp-content\/uploads\/2017\/12\/schere.jpg);\"> &nbsp; <\/div><\/div><div class=\"video-texture \"> <span class=\"ie-fix\"><\/span> <\/div><\/div> <!--\/swiper-slide--><\/div><div class=\"nectar-slider-loading \"> <span class=\"loading-icon none\">   <\/span> <\/div> <\/div> \n\t\t\t\t\t\n\t\t\t\t\t<\/div>[\/vc_column][\/vc_row][vc_row type=&#8220;in_container&#8220; full_screen_row_position=&#8220;middle&#8220; scene_position=&#8220;center&#8220; text_color=&#8220;dark&#8220; text_align=&#8220;left&#8220; overlay_strength=&#8220;0.3&#8243; shape_divider_position=&#8220;bottom&#8220;][vc_column column_padding=&#8220;no-extra-padding&#8220; column_padding_position=&#8220;all&#8220; background_color_opacity=&#8220;1&#8243; background_hover_color_opacity=&#8220;1&#8243; column_shadow=&#8220;none&#8220; column_border_radius=&#8220;none&#8220; width=&#8220;1\/1&#8243; tablet_text_alignment=&#8220;default&#8220; phone_text_alignment=&#8220;default&#8220; column_border_width=&#8220;none&#8220; column_border_style=&#8220;solid&#8220;][divider line_type=&#8220;No Line&#8220; custom_height=&#8220;50&#8243;][vc_column_text]\n<h3>Bank- und Kapitalmarktrecht<\/h3>\n[\/vc_column_text][divider line_type=&#8220;No Line&#8220; custom_height=&#8220;20&#8243;][\/vc_column][\/vc_row][vc_row type=&#8220;in_container&#8220; full_screen_row_position=&#8220;middle&#8220; scene_position=&#8220;center&#8220; text_color=&#8220;dark&#8220; text_align=&#8220;left&#8220; overlay_strength=&#8220;0.3&#8243; shape_divider_position=&#8220;bottom&#8220;][vc_column column_padding=&#8220;padding-5-percent&#8220; column_padding_position=&#8220;right&#8220; background_color_opacity=&#8220;1&#8243; background_hover_color_opacity=&#8220;1&#8243; column_shadow=&#8220;none&#8220; column_border_radius=&#8220;none&#8220; width=&#8220;2\/3&#8243; tablet_text_alignment=&#8220;default&#8220; phone_text_alignment=&#8220;default&#8220; column_border_width=&#8220;none&#8220; column_border_style=&#8220;solid&#8220;][vc_column_text]Wir beraten und vertreten Banken und Unternehmen aus dem Bank- und Finanzsektor. Insbesondere sind wir f\u00fcr unsere Mandanten in den Bereichen Zahlungsverkehr, Kredit-\/ Darlehensgesch\u00e4ft, Kreditsicherung, Verwertung von Sicherungsmitteln und Zwangsverwaltung t\u00e4tig.<\/p>\n<p>Weiter f\u00fchren wir bankrechtliche Prozesse zur Durchsetzung von Anspr\u00fcchen aus Kreditvertr\u00e4gen und im Rahmen der Inanspruchnahme von Sicherungsgebern.<\/p>\n<p>Daneben beraten und vertreten wir unsere Mandanten bei der Abwehr von Anspr\u00fcchen Dritter.[\/vc_column_text][\/vc_column][vc_column column_padding=&#8220;no-extra-padding&#8220; column_padding_position=&#8220;all&#8220; background_color_opacity=&#8220;1&#8243; background_hover_color_opacity=&#8220;1&#8243; column_shadow=&#8220;none&#8220; column_border_radius=&#8220;none&#8220; width=&#8220;1\/3&#8243; tablet_text_alignment=&#8220;default&#8220; phone_text_alignment=&#8220;default&#8220; column_border_width=&#8220;none&#8220; column_border_style=&#8220;solid&#8220;][\/vc_column][\/vc_row][vc_row type=&#8220;in_container&#8220; full_screen_row_position=&#8220;middle&#8220; scene_position=&#8220;center&#8220; text_color=&#8220;dark&#8220; text_align=&#8220;left&#8220; overlay_strength=&#8220;0.3&#8243; shape_divider_position=&#8220;bottom&#8220;][vc_column column_padding=&#8220;no-extra-padding&#8220; column_padding_position=&#8220;all&#8220; background_color_opacity=&#8220;1&#8243; background_hover_color_opacity=&#8220;1&#8243; column_shadow=&#8220;none&#8220; column_border_radius=&#8220;none&#8220; width=&#8220;1\/1&#8243; tablet_text_alignment=&#8220;default&#8220; phone_text_alignment=&#8220;default&#8220; column_border_width=&#8220;none&#8220; column_border_style=&#8220;solid&#8220;][vc_text_separator title=&#8220;T\u00e4tigkeitsfelder&#8220;][page_submenu alignment=&#8220;left&#8220; link_color=&#8220;#c2a572&#8243;][page_link link_url=&#8220;\/arbeitsrecht\/&#8220; title=&#8220;Arbeitsrecht&#8220; id=&#8220;1507833131-1-12&#8243; tab_id=&#8220;1507834264508-0&#8243;] [\/page_link][page_link link_url=&#8220;\/gesellschaftsrecht\/&#8220; title=&#8220;Gesellschaftsrecht&#8220; id=&#8220;1507833131-2-70&#8243; tab_id=&#8220;1507834265014-3&#8243;] [\/page_link][page_link title=&#8220;Gewerblicher Rechtsschutz&#8220; id=&#8220;1507834375640-0-8&#8243; tab_id=&#8220;1507834375650-8&#8243; link_url=&#8220;\/gewerblicher-rechtsschutz\/&#8220;][\/page_link][page_link title=&#8220;Handels-\/ Vertragsrecht&#8220; id=&#8220;1507834462956-0-9&#8243; tab_id=&#8220;1507834462970-9&#8243; link_url=&#8220;\/handelsrecht-vertragsrecht\/&#8220;][\/page_link][page_link title=&#8220;Miet- \/ Immobilienrecht&#8220; id=&#8220;1507834504682-0-6&#8243; tab_id=&#8220;1507834504694-0&#8243; link_url=&#8220;\/mietrecht-immobilienrecht\/&#8220;][\/page_link][page_link title=&#8220;Private Equity&#8220; id=&#8220;1507834546677-0-8&#8243; tab_id=&#8220;1507834546688-10&#8243; link_url=&#8220;\/private-equity\/&#8220;][\/page_link][page_link title=&#8220;Restrukturierungs- \/ Sanierungs- \/ Insolvenzrecht&#8220; id=&#8220;1507834639848-0-3&#8243; tab_id=&#8220;1507834639866-2&#8243; link_url=&#8220;\/restrukturierungs-sanierungs-insolvenzrecht\/&#8220;][\/page_link][page_link title=&#8220;Prozessrecht \/ Schiedsverfahren&#8220; id=&#8220;1507834574591-0-9&#8243; tab_id=&#8220;1507834574607-9&#8243; link_url=&#8220;\/prozessrecht-schiedsverfahren\/&#8220;][\/page_link][page_link title=&#8220;Unternehmenstransaktionen \/ MA \/ Unternehmensnachfolge&#8220; id=&#8220;1507834688020-0-1&#8243; tab_id=&#8220;1507834688038-1&#8243; link_url=&#8220;\/unternehmenstransaktionen-ma-unternehmensnachfolge\/&#8220;][\/page_link][\/page_submenu][\/vc_column][\/vc_row]\n","protected":false},"excerpt":{"rendered":"<p>[vc_row type=&#8220;in_container&#8220; full_screen_row_position=&#8220;middle&#8220; scene_position=&#8220;center&#8220; text_color=&#8220;dark&#8220; text_align=&#8220;left&#8220; overlay_strength=&#8220;0.3&#8243; shape_divider_position=&#8220;bottom&#8220;][vc_column column_padding=&#8220;no-extra-padding&#8220; column_padding_position=&#8220;all&#8220; background_color_opacity=&#8220;1&#8243; background_hover_color_opacity=&#8220;1&#8243; column_shadow=&#8220;none&#8220; column_border_radius=&#8220;none&#8220; width=&#8220;1\/1&#8243;&#8230;<\/p>\n","protected":false},"author":1,"featured_media":0,"parent":0,"menu_order":0,"comment_status":"closed","ping_status":"closed","template":"","meta":[],"_links":{"self":[{"href":"https:\/\/gies-rechtsanwaelte.de\/startseite\/wp-json\/wp\/v2\/pages\/41"}],"collection":[{"href":"https:\/\/gies-rechtsanwaelte.de\/startseite\/wp-json\/wp\/v2\/pages"}],"about":[{"href":"https:\/\/gies-rechtsanwaelte.de\/startseite\/wp-json\/wp\/v2\/types\/page"}],"author":[{"embeddable":true,"href":"https:\/\/gies-rechtsanwaelte.de\/startseite\/wp-json\/wp\/v2\/users\/1"}],"replies":[{"embeddable":true,"href":"https:\/\/gies-rechtsanwaelte.de\/startseite\/wp-json\/wp\/v2\/comments?post=41"}],"version-history":[{"count":3,"href":"https:\/\/gies-rechtsanwaelte.de\/startseite\/wp-json\/wp\/v2\/pages\/41\/revisions"}],"predecessor-version":[{"id":3024,"href":"https:\/\/gies-rechtsanwaelte.de\/startseite\/wp-json\/wp\/v2\/pages\/41\/revisions\/3024"}],"wp:attachment":[{"href":"https:\/\/gies-rechtsanwaelte.de\/startseite\/wp-json\/wp\/v2\/media?parent=41"}],"curies":[{"name":"wp","href":"https:\/\/api.w.org\/{rel}","templated":true}]}}